{"id":13,"date":"2014-03-09T22:52:04","date_gmt":"2014-03-09T21:52:04","guid":{"rendered":"http:\/\/tmp.warp-poligon.info\/si\/?page_id=13"},"modified":"2023-06-30T00:24:27","modified_gmt":"2023-06-29T22:24:27","slug":"zgodovina-sveta","status":"publish","type":"page","link":"http:\/\/tmp.warp-poligon.info\/si\/zgodovina-sveta\/","title":{"rendered":"Zgodovina Sveta"},"content":{"rendered":"<h3>Volitve 2019<\/h3>\n<p>Pete manj\u0161inske volitve na Hrva\u0161kem, ki so potekale 5. maja, niso prinesle presene\u010denj: po kandidaturi in udele\u017ebi so nam nastavile zrcalo. Na voli\u0161\u010da je pri\u0161lo manj upravi\u010dencev kot pred \u0161tirimi leti, imamo pa tudi manj zastopnikov v lokalni samoupravi.<\/p>\n<p>V Zagrebu in sedmih \u017eupanijah, v katerih so Slovenci izkoristili mo\u017enost, da bi kandidirali in bili izvoljeni, je bilo v volilne imenike vpisanih 6.310 upravi\u010dencev, glasovalo pa jih je 321 ali dobrih 5 odstotkov. V 14 mestih in ob\u010dinah, kjer so Slovenci vlo\u017eili kandidatne liste, je imelo volilno pravico 2.749 pripadnikov slovenske skupnosti, izkoristilo pa jo je 204 , kar je 7,4-odstotna udele\u017eba. Podrobnosti so v tabelah.<\/p>\n<p>V Zagrebu izstopa podatek o stalnem kr\u010denju volilnega telesa: ob prvih manj\u0161inskih volitvah leta 2003 je bilo v volilnem imeniku 3.584 Slovencev, pred \u0161tirimi leti le \u0161e 2.223, letos pa je \u0161tevilo zdrsnilo na 1.887, kar je pol manj kot pred 16 leti. Manj\u0161a je bila tudi udele\u017eba: na zadnjih volitvah je bila 7,3-odstotna, na tokratnih pa le 5,9-odstotna.<\/p>\n<p>Na ravni skupnosti je dobra novica okrepitev zastopstva v Cestici (prej predstavnica, zdaj svet), slaba pa usahnitev zanimanja v \u0160trigovi in \u0160ibensko-kninski \u017eupaniji.\u00a0Tole pa so \u017eupanije, v katerih bi bile volitve mogo\u010de, a ni bilo slovenskih kandidatur: Med\u017eimurska, Bjelovarsko-bilogorska, \u0160ibensko-kninska, Krapinsko-zagorska, Sisa\u0161ko-moslava\u0161ka, Dubrovni\u0161ko-neretvanska in Zagreb\u0161ka \u017eupanija. Ob\u010dine oz. mesta brez podanih kandidaturo pa so: Buje, Novigrad, Brtonigla, Gro\u017enjan, Mihaljevac, Sv. Martin na Muri in \u0160trigova. (jpt)<\/p>\n<p><strong><a href=\"http:\/\/tmp.warp-poligon.info\/si\/wp-content\/uploads\/sites\/2\/2014\/03\/Tabeli_manjsinke-volitve-2019.pdf\">Tabeli_manj\u0161inke volitve 2019<\/a>\u00a0<\/strong>(17 KB pdf).<\/p>\n<h3><\/h3>\n<h3>Volitve 2015<\/h3>\n<p>\u010cetrte manj\u0161inske volitve, ki so bile 31. maja 2015 so vnovi\u010d minile v znamenju ad hoc priprav, nizke udele\u017ebe in popolnega nezanimanja v nekaterih delih Hrva\u0161ke. Tudi pripadniki slovenske manj\u0161ine niso izkoristili prilo\u017enosti, da bi kandidirali in bili izvoljeni povsod, kjer jim to omogo\u010da zakon; brez slovenskih kandidatov in list so tako minile volitve v Krapinski, Med\u017eimurski, Bjelovarsko-bilogorski, Dubrovni\u0161ko-neretvanski in Sisa\u0161ko-moslav\u0161ki \u017eupaniji ter v ob\u010dinah Buje in Hum na Sotli.<\/p>\n<p><strong>Zlata sredina v Zagrebu<\/strong><\/p>\n<p>V Zagrebu je imelo tokrat volilno pravico 2.223 Slovencev, glasovalo jih je 162 ali 7,29 odstotka. V absolutnem \u0161tevilu je bila ve\u010dja udele\u017eba samo med Bo\u0161njaki (635), Romi (625),Albanci (610) in Srbi (591), v odstotku pa je bil skromnej\u0161i odziv kot pri Slovencih le \u0161e pri Slovakih (4,14%), Makedoncih (3,86%) in Srbih (2,51%). Slovenska manj\u0161ina v hrva\u0161kem glavnem mestu je sicer po \u0161tevil\u010dnosti na \u010detrtem mestu (glede na volilne imenike so pred njo Srbi-23.551, Bo\u0161njaki \u20134.132 in Albanci-3.683). Volilna udele\u017eba slovenskih upravi\u010dencev v Zagrebu je bila podobna kot pred \u0161tirimi leti (2.640 upravi\u010dencev, glasovalo 193 ali 7,31% volivcev). Najskromnej\u0161a udele\u017eba je bila na prvih manj\u0161inskih volitvah leta 2003, ko je bilo v volilnem imeniku 3.584 Slovencev, na voli\u0161\u010da pa jih je pri\u0161lo le 72 ali 2,01 odstotka.<\/p>\n<p>Na volitvah 2015 smo pripadniki slovenske manj\u0161ine izvolili svete na ravni naslednjih \u017eupanij:<\/p>\n<ul>\n<li>Primorsko-goranska \u017eupanija,<\/li>\n<li>Splitsko-dalmatinska \u017eupanija in<\/li>\n<li>Istrska \u017eupanija.<\/li>\n<\/ul>\n<p>Na ravni mest smo izvolili svete<\/p>\n<ul>\n<li>na Reki,<\/li>\n<li>v Splitu,<\/li>\n<li>Pulju,<\/li>\n<li>Umagu,<\/li>\n<li>Zagrebu.<\/li>\n<\/ul>\n<p>Predstavnike pa smo na ravni \u017eupanij izvolili v Vara\u017edinski, Karlov\u0161ki, Osje\u0161ko-baranjski, \u0160ibensko-kninski, Zadrski, v mestih Karlovec, Opatija, Osijek, Pore\u010d, Samobor, Vara\u017edin, Zadar ter v ob\u010dinah Cestica, Matulji in \u0160trigova. (jpt)<\/p>\n<h3>Volitve 2011<\/h3>\n<p>10. julija 2011 so na Hrva\u0161kem potekale tretje volitve za svete in predstavnike nacionalnih manj\u0161in v enotah lokalne in regionalne (podro\u010dne) samouprave. V Zagrebu je po podatkih volilne komisije evidentirano 2640 volivcev slovenske nacionalnosti. Na volitvah je glasovalo 193 volivcev, oziroma 7,31 %. Izvolili smo 25 \u010dlanov Sveta slovenske nacionalne manj\u0161ine Mesta Zagreb. 7. septembra 2011 je na povabilo \u017eupana Mesta Zagreb v mestni upravi potekala konstitutivna seja, na kateri je bilo verificiranih 25 \u010dlanov SSNM MZ za \u0161tiriletni mandat. Za predsednika je bil izvoljen Darko \u0160onc, za njegovega namestnika pa Franc Stra\u0161ek.<\/p>\n<p>Pri volitvah za svete nacionalnih manj\u0161ih na ravni \u017eupanij je bila volilna udele\u017eba Slovencev 4,77%, na ravni mest pa 4,83%. Volitev za predstavnike manj\u0161in se je na ravni \u017eupanij udele\u017eilo 2,60%, na ravni mest 6,98%, na ravni ob\u010din pa 9,09% Slovencev.<\/p>\n<p>Na volitvah 2011 smo pripadniki slovenske manj\u0161ine izvolili svete na ravni naslednjih \u017eupanij:<\/p>\n<ul>\n<li>Vara\u017edinska \u017eupanija,<\/li>\n<li>Primorsko-goranska \u017eupanija,<\/li>\n<li>Splitsko-dalmatinska \u017eupanija in<\/li>\n<li>Istrska \u017eupanija.<\/li>\n<\/ul>\n<p>Na ravni mest smo izvolili svete<\/p>\n<ul>\n<li>na Reki,<\/li>\n<li>v Splitu,<\/li>\n<li>Pulju,<\/li>\n<li>Umagu,<\/li>\n<li>Zagrebu.<\/li>\n<\/ul>\n<p>Predstavnike pa smo na ravni \u017eupanij izvolili v Dubrovni\u0161ko-neretvanski, Karlov\u0161ki, Osije\u0161ko-baranjski, \u0160ibensko-kninski, Zadrski, v mestih Karlovec, Opatija, Osijek, Pore\u010d, Samobor, Vara\u017edin, Zadar ter v ob\u010dini Cestica.<\/p>\n<h3>Volitve 2007<\/h3>\n<p>V Zagrebu je bila leta 2003 6-odstotna udele\u017eba, leta 2007 pa \u0161e enkrat ve\u010dja, in sicer 12-odstotna. Pri volitvah za svete nacionalnih manj\u0161ih na ravni \u017eupanij je bila volilna udele\u017eba Slovencev 5,26%, na ravni mest pa 3,92%. Volitev za predstavnike manj\u0161in se je na ravni \u017eupanij udele\u017eilo 2,65%, na ravni mest 5,11%, na ravni ob\u010din pa 3,90% Slovencev.<\/p>\n<p>Na volitvah 2007 smo pripadniki slovenske manj\u0161ine izvolili svete na ravni naslednjih \u017eupanij:<\/p>\n<ul>\n<li>Mesto Zagreb,<\/li>\n<li>Vara\u017edinska \u017eupanija,<\/li>\n<li>Primorsko-goranska \u017eupanija,<\/li>\n<li>Splitsko-dalmatinska \u017eupanija in<\/li>\n<li>Istrska \u017eupanija.<\/li>\n<\/ul>\n<p>Na ravni mest smo dobili svete<\/p>\n<ul>\n<li>na Reki,<\/li>\n<li>v Splitu in<\/li>\n<li>Pulju.<\/li>\n<\/ul>\n<p>Predstavnike pa smo na ravni \u017eupanij dobili v Osije\u0161ko-baranjski, Karlov\u0161ki, Dubrova\u010dko-neretvanski in Zadrski \u017eupaniji, v mestih Karlovec, Osijek, Samobor, Vara\u017edin, Zadar in Pore\u010d ter v ob\u010dini Cestica.<\/p>\n<p>17. junija 2007 so bile volitve za 308 svetov nacionalnih manj\u0161in in 228 predstavnikov nacionalnih manj\u0161in v Republiki Hrva\u0161ki. Tako kot prve volitve leta 2003 in nadomestne volitve leta 2004, so tudi te volitve spremljali polemike in zapleti.<\/p>\n<p>\u017de vnaprej se je zastavljalo vpra\u0161anje, kaj storiti s sveti in predstavniki, ki so bili izvoljeni na nadomestnih volitvah leta 2004 in jim torej uradno \u0161tiriletni mandat pote\u010de \u0161ele leta 2008. Po drugi strani je izvoljenim leta 2003 mandat potekel maja in bi torej volitve morale biti \u017ee aprila in ne junija, kot se je odlo\u010dila vlada. In \u0161e: zopet so se vnele polemike o smiselnosti lo\u010denih volitev za predstavnike manj\u0161ine, ko pa bi bilo bolje, \u010de bi potekale hkrati z lokalnimi volitvami. Tako pobudo so predstavniki manj\u0161in naslovili na vlado, skupaj s Svetom za nacionalne manj\u0161ine in dr\u017eavnim sekretarjem Antunom Palari\u0107em pa so tudi sku\u0161ali poiskati ustrezen zakonski okvir.<\/p>\n<p>Po eni strani bi Hrva\u0161ka s hkratnimi volitvami privar\u010devala kar nekaj milijonov kun, \u0161e pomembneje pa je, da bi tako zagotovili ve\u010djo volilno udele\u017ebo. Zanimivo pa je, da so se mnenja razhajala tudi znotraj manj\u0161ine. Nekateri poslanci manj\u0161in v Saboru so taki zamisli nasprotovali od prvega dne in trdili, da bi bilo \u010dasovno usklajevanje volitev in s tem povezano nujno podalj\u0161evanje mandatov svetom in predstavnikom manj\u0161in protiustavno. Nekateri poslanci pa so med razpravo zagovarjali zdaj to zdaj ono mnenje.<\/p>\n<p>Naposled je ostalo pri starem in vlada je volitve razpisala za 17. junij. V pripravah je bilo manj zapletov kot leta 2003 in leta 2004. Pripadniki manj\u0161in so bili bolj obve\u0161\u010deni o svojih pravicah, o postopku kandidiranja in volitev. Prvi\u010d je bilo mogo\u010de pripraviti splo\u0161no volilno kampanjo. Potekala je od maja, v organizaciji Sveta za nacionalne manj\u0161ine in WYG International, v sodelovanju z Gongom in Stino ter s finan\u010dno podporo EU-ja. Potekale so radijske in televizijske oddaje, v katerih so predstavniki manj\u0161in predstavljali svoje programe in vabili k udele\u017ebi na volitvah. 15. maja so se lahko predstavili tudi na javni tribuni v Zagrebu.<\/p>\n<p>Ena najpomembnej\u0161ih novosti pa je bila, da je vlada dovolila vpogled v sezname volilnih upravi\u010dencev, kar je manj\u0161inskim organizacijam omogo\u010dilo, da o manj\u0161inski samoupravi, volitvah in kandidatih neposredno obvestijo vse pripadnike manj\u0161in.<\/p>\n<p>\u0160e ena novost: dr\u017eavna volilna komisija (DIP) je pripravila nove volilne okraje po \u017eupanijah, mestih in ob\u010dinah, in sicer na podlagi podatkov iz popisa prebivalstva leta 2001. Ravno zaradi tako osve\u017eenih podatkov je slovenska manj\u0161ina izgubila pravico do izvolitve svetov v 12 ob\u010dinah in v dveh mestih, \u010cabru in Bujah. Je pa manj\u0161ina tudi nekaj pridobila, in sicer pravico do predstavnikov v Dubrovni\u0161ko- neretvanski \u017eupaniji, v ob\u010dinah Cestica in Hum na Sotli ter v mestu Buje.<\/p>\n<p>In \u0161e podatek, ki pri\u010da o pestrosti nacionalnih manj\u0161in v hrva\u0161kem glavnem mestu: v Zagrebu so \u010dlane svetov volili pripadniki albanske, \u010drnogorske, \u010de\u0161ke, mad\u017earske, makedonske, romske, srbske in slovenske manj\u0161ine, svoje predstavnike pa pripadniki bolgarske, nem\u0161ke, slova\u0161ke, italijanske, ukrajinske in judovske nacionalne manj\u0161ine.<\/p>\n<h3>Volitve 2003<\/h3>\n<p>Prve volitve \u010dlanov svetov in predstavnikov nacionalnih manj\u0161in v enotah lokalne samouprave na Hrva\u0161kem so bile 18. maja leta 2003. Manj\u0161insko volilno pravico smo izkoristili tudi zagreb\u0161ki Slovenci. Takoj po volitvah je tedanja zagreb\u0161ka \u017eupanja Vlasta Pavi\u0107 sklicala ustanovno sejo sveta slovenske nacionalne manj\u0161ine Mesta Zagreba.<\/p>\n<p>\u010clani sveta slovenske nacionalne manj\u0161ine Mesta Zagreba so postali: Darko \u0160onc, Olga \u0160ikovec &#8211; Luncer, Silvin Jerman, Franc Stra\u0161ek, Marijan Horn, Miroslava Maria Bahun, Polona Jurini\u0107, Ivanka Nik\u010devi\u0107, Anton Lah, Katarina Furjan, Franc Rop, Luka Hribar, Silvester Kmeti\u010d, Nada Gajdarov, Irena Hribar &#8211; Buzdova\u010di\u0107, Marjan Dirnberk, Marija Ana Nemec, Katarina Bo\u017eica Latin\u010di\u0107, Borut Guli\u010d, Jasna Kotrle in Vasilija Tovarlo\u017ea.<\/p>\n<p>V predsedstvo sveta so bili izvoljeni naslednji \u010dlani:<\/p>\n<ul>\n<li>Darko \u0160onc, predsednik<\/li>\n<li>Franc Stra\u0161ek, namestnik predsednika<\/li>\n<li>Miroslava Maria Bahun<\/li>\n<li>Anton Lah<\/li>\n<li>Silvester Kmeti\u010d.<\/li>\n<\/ul>\n<p>Svet slovenske nacionalne manj\u0161ine Mesta Zagreba je \u010dlan Koordinacije nacionalnih manj\u0161in Mesta Zagreba, Koordinacije Svetov in predstavnikov slovenske nacionalne manj\u0161ine v Republiki Hrva\u0161ki, tesno sodeluje s Kulturno prosvetnim dru\u0161tvom Slovenski dom Zagreb in Zvezo slovenskih dru\u0161tev na Hrva\u0161kem.<\/p>\n","protected":false},"excerpt":{"rendered":"<p>Volitve 2019 Pete manj\u0161inske volitve na Hrva\u0161kem, ki so potekale 5. maja, niso prinesle presene\u010denj: po kandidaturi in udele\u017ebi so nam nastavile zrcalo. Na voli\u0161\u010da je pri\u0161lo manj upravi\u010dencev kot pred \u0161tirimi leti, imamo pa tudi manj zastopnikov v lokalni samoupravi. V Zagrebu in sedmih \u017eupanijah, v katerih so Slovenci izkoristili mo\u017enost, da bi kandidirali [&hellip;]<\/p>\n","protected":false},"author":1,"featured_media":0,"parent":0,"menu_order":0,"comment_status":"closed","ping_status":"open","template":"","meta":{"footnotes":""},"yoast_head":"<!-- This site is optimized with the Yoast SEO plugin v21.9.1 - https:\/\/yoast.com\/wordpress\/plugins\/seo\/ -->\n<title>Zgodovina Sveta | Slovenski dom in Svet slovenske nacionalne manj\u0161ine Mesta Zagreb<\/title>\n<meta name=\"robots\" content=\"index, follow, max-snippet:-1, max-image-preview:large, max-video-preview:-1\" \/>\n<link rel=\"canonical\" href=\"http:\/\/tmp.warp-poligon.info\/si\/zgodovina-sveta\/\" \/>\n<meta property=\"og:locale\" content=\"sl_SI\" \/>\n<meta property=\"og:type\" content=\"article\" \/>\n<meta property=\"og:title\" content=\"Zgodovina Sveta | Slovenski dom in Svet slovenske nacionalne manj\u0161ine Mesta Zagreb\" \/>\n<meta property=\"og:description\" content=\"Volitve 2019 Pete manj\u0161inske volitve na Hrva\u0161kem, ki so potekale 5. maja, niso prinesle presene\u010denj: po kandidaturi in udele\u017ebi so nam nastavile zrcalo. Na voli\u0161\u010da je pri\u0161lo manj upravi\u010dencev kot pred \u0161tirimi leti, imamo pa tudi manj zastopnikov v lokalni samoupravi. V Zagrebu in sedmih \u017eupanijah, v katerih so Slovenci izkoristili mo\u017enost, da bi kandidirali [&hellip;]\" \/>\n<meta property=\"og:url\" content=\"http:\/\/tmp.warp-poligon.info\/si\/zgodovina-sveta\/\" \/>\n<meta property=\"og:site_name\" content=\"Slovenski dom in Svet slovenske nacionalne manj\u0161ine Mesta Zagreb\" \/>\n<meta property=\"article:modified_time\" content=\"2023-06-29T22:24:27+00:00\" \/>\n<meta name=\"twitter:label1\" content=\"Est. reading time\" \/>\n\t<meta name=\"twitter:data1\" content=\"9 minut\" \/>\n<script type=\"application\/ld+json\" class=\"yoast-schema-graph\">{\"@context\":\"https:\/\/schema.org\",\"@graph\":[{\"@type\":\"WebPage\",\"@id\":\"http:\/\/tmp.warp-poligon.info\/si\/zgodovina-sveta\/\",\"url\":\"http:\/\/tmp.warp-poligon.info\/si\/zgodovina-sveta\/\",\"name\":\"Zgodovina Sveta | Slovenski dom in Svet slovenske nacionalne manj\u0161ine Mesta Zagreb\",\"isPartOf\":{\"@id\":\"http:\/\/tmp.warp-poligon.info\/si\/#website\"},\"datePublished\":\"2014-03-09T21:52:04+00:00\",\"dateModified\":\"2023-06-29T22:24:27+00:00\",\"breadcrumb\":{\"@id\":\"http:\/\/tmp.warp-poligon.info\/si\/zgodovina-sveta\/#breadcrumb\"},\"inLanguage\":\"sl-SI\",\"potentialAction\":[{\"@type\":\"ReadAction\",\"target\":[\"http:\/\/tmp.warp-poligon.info\/si\/zgodovina-sveta\/\"]}]},{\"@type\":\"BreadcrumbList\",\"@id\":\"http:\/\/tmp.warp-poligon.info\/si\/zgodovina-sveta\/#breadcrumb\",\"itemListElement\":[{\"@type\":\"ListItem\",\"position\":1,\"name\":\"Home\",\"item\":\"http:\/\/tmp.warp-poligon.info\/si\/\"},{\"@type\":\"ListItem\",\"position\":2,\"name\":\"Zgodovina Sveta\"}]},{\"@type\":\"WebSite\",\"@id\":\"http:\/\/tmp.warp-poligon.info\/si\/#website\",\"url\":\"http:\/\/tmp.warp-poligon.info\/si\/\",\"name\":\"Slovenski dom in Svet slovenske nacionalne manj\u0161ine Mesta Zagreb\",\"description\":\"\",\"potentialAction\":[{\"@type\":\"SearchAction\",\"target\":{\"@type\":\"EntryPoint\",\"urlTemplate\":\"http:\/\/tmp.warp-poligon.info\/si\/?s={search_term_string}\"},\"query-input\":\"required name=search_term_string\"}],\"inLanguage\":\"sl-SI\"}]}<\/script>\n<!-- \/ Yoast SEO plugin. -->","yoast_head_json":{"title":"Zgodovina Sveta | Slovenski dom in Svet slovenske nacionalne manj\u0161ine Mesta Zagreb","robots":{"index":"index","follow":"follow","max-snippet":"max-snippet:-1","max-image-preview":"max-image-preview:large","max-video-preview":"max-video-preview:-1"},"canonical":"http:\/\/tmp.warp-poligon.info\/si\/zgodovina-sveta\/","og_locale":"sl_SI","og_type":"article","og_title":"Zgodovina Sveta | Slovenski dom in Svet slovenske nacionalne manj\u0161ine Mesta Zagreb","og_description":"Volitve 2019 Pete manj\u0161inske volitve na Hrva\u0161kem, ki so potekale 5. maja, niso prinesle presene\u010denj: po kandidaturi in udele\u017ebi so nam nastavile zrcalo. Na voli\u0161\u010da je pri\u0161lo manj upravi\u010dencev kot pred \u0161tirimi leti, imamo pa tudi manj zastopnikov v lokalni samoupravi. V Zagrebu in sedmih \u017eupanijah, v katerih so Slovenci izkoristili mo\u017enost, da bi kandidirali [&hellip;]","og_url":"http:\/\/tmp.warp-poligon.info\/si\/zgodovina-sveta\/","og_site_name":"Slovenski dom in Svet slovenske nacionalne manj\u0161ine Mesta Zagreb","article_modified_time":"2023-06-29T22:24:27+00:00","twitter_misc":{"Est. reading time":"9 minut"},"schema":{"@context":"https:\/\/schema.org","@graph":[{"@type":"WebPage","@id":"http:\/\/tmp.warp-poligon.info\/si\/zgodovina-sveta\/","url":"http:\/\/tmp.warp-poligon.info\/si\/zgodovina-sveta\/","name":"Zgodovina Sveta | Slovenski dom in Svet slovenske nacionalne manj\u0161ine Mesta Zagreb","isPartOf":{"@id":"http:\/\/tmp.warp-poligon.info\/si\/#website"},"datePublished":"2014-03-09T21:52:04+00:00","dateModified":"2023-06-29T22:24:27+00:00","breadcrumb":{"@id":"http:\/\/tmp.warp-poligon.info\/si\/zgodovina-sveta\/#breadcrumb"},"inLanguage":"sl-SI","potentialAction":[{"@type":"ReadAction","target":["http:\/\/tmp.warp-poligon.info\/si\/zgodovina-sveta\/"]}]},{"@type":"BreadcrumbList","@id":"http:\/\/tmp.warp-poligon.info\/si\/zgodovina-sveta\/#breadcrumb","itemListElement":[{"@type":"ListItem","position":1,"name":"Home","item":"http:\/\/tmp.warp-poligon.info\/si\/"},{"@type":"ListItem","position":2,"name":"Zgodovina Sveta"}]},{"@type":"WebSite","@id":"http:\/\/tmp.warp-poligon.info\/si\/#website","url":"http:\/\/tmp.warp-poligon.info\/si\/","name":"Slovenski dom in Svet slovenske nacionalne manj\u0161ine Mesta Zagreb","description":"","potentialAction":[{"@type":"SearchAction","target":{"@type":"EntryPoint","urlTemplate":"http:\/\/tmp.warp-poligon.info\/si\/?s={search_term_string}"},"query-input":"required name=search_term_string"}],"inLanguage":"sl-SI"}]}},"_links":{"self":[{"href":"http:\/\/tmp.warp-poligon.info\/si\/wp-json\/wp\/v2\/pages\/13"}],"collection":[{"href":"http:\/\/tmp.warp-poligon.info\/si\/wp-json\/wp\/v2\/pages"}],"about":[{"href":"http:\/\/tmp.warp-poligon.info\/si\/wp-json\/wp\/v2\/types\/page"}],"author":[{"embeddable":true,"href":"http:\/\/tmp.warp-poligon.info\/si\/wp-json\/wp\/v2\/users\/1"}],"replies":[{"embeddable":true,"href":"http:\/\/tmp.warp-poligon.info\/si\/wp-json\/wp\/v2\/comments?post=13"}],"version-history":[{"count":11,"href":"http:\/\/tmp.warp-poligon.info\/si\/wp-json\/wp\/v2\/pages\/13\/revisions"}],"predecessor-version":[{"id":3821,"href":"http:\/\/tmp.warp-poligon.info\/si\/wp-json\/wp\/v2\/pages\/13\/revisions\/3821"}],"wp:attachment":[{"href":"http:\/\/tmp.warp-poligon.info\/si\/wp-json\/wp\/v2\/media?parent=13"}],"curies":[{"name":"wp","href":"https:\/\/api.w.org\/{rel}","templated":true}]}}