{"id":15,"date":"2014-03-09T22:52:28","date_gmt":"2014-03-09T21:52:28","guid":{"rendered":"http:\/\/tmp.warp-poligon.info\/si\/?page_id=15"},"modified":"2023-06-30T00:23:46","modified_gmt":"2023-06-29T22:23:46","slug":"clani-sveta","status":"publish","type":"page","link":"http:\/\/tmp.warp-poligon.info\/si\/clani-sveta\/","title":{"rendered":"\u010clani Sveta"},"content":{"rendered":"<p>Po popisu prebivalstva iz leta 2011, Svet slovenske narodne manj\u0161ine Mesta Zagreb predstavlja 2132 pripadnikov slovenske narodne manj\u0161ine v Mestu Zagreb. 5. maja 2019 (ko so bile volitve) je bilo v volilni seznam vpisano 1878 pripadnikov slovenske narodne manj\u0161ine.<\/p>\n<p><strong>Svet \u0161teje 25 \u010dlanov, ki so izvoljeni na volitvah 5. maja 2019.<\/strong> Ustanovna seja Sveta je bila 7. junija 2019 v mestni vladi. Za predsednika Sveta so \u010dlani Sveta soglasno izbrali\u00a0<strong>Darka \u0160onca<\/strong>, za njegovega namestnika pa prav tako soglasno <strong>Silvestra Kmeti\u010da<\/strong>. Sejo je odprla namestnica zagreb\u0161kega \u017eupana\u00a0<strong>Jelena Pavi\u010di\u0107 Vuki\u010devi\u0107<\/strong>.<\/p>\n<p><strong>\u010clani Sveta slovenske nacionalne manj\u0161ine Mesta Zagreb &#8211; peti mandat (2019-2023):<\/strong><\/p>\n<ol>\n<li>Miroslava-Maria Bahun<\/li>\n<li>Marja Crnkovi\u0107<\/li>\n<li>Hedvika \u0106erani\u0107<\/li>\n<li>Marjan Dirnbek<\/li>\n<li>Katarina Furjan<\/li>\n<li>Nada Gajdarov<\/li>\n<li>Borut Guli\u010d<\/li>\n<li>Matija Guli\u010d<\/li>\n<li>Stanka Herak<\/li>\n<li>Luka Hribar<\/li>\n<li>Polona Jurini\u0107<\/li>\n<li>Silvester Kmeti\u0107<\/li>\n<li>Alojz Kramar<\/li>\n<li>Ivan Kunej<\/li>\n<li>Anton Lah-umrl<\/li>\n<li>Katarina-Bo\u017eica Latin\u010di\u0107-umrla<\/li>\n<li>Marija Ana Nemec<\/li>\n<li>Rolando Nik\u010devi\u0107<\/li>\n<li>Stanka Novkovi\u0107<\/li>\n<li>Martina Oblak Pehnec<\/li>\n<li>Franc Rop<\/li>\n<li>Darko \u0160onc<\/li>\n<li>Irena \u0160onc<\/li>\n<li>Olga Tkal\u010dec<\/li>\n<li>Vasilija Tovarlo\u017ea<\/li>\n<\/ol>\n<p>&nbsp;<\/p>\n<p>Predsednik Sveta: Darko \u0160onc<\/p>\n<p>Namestnik predsednika Sveta: Silvester Kmeti\u0107<\/p>\n<p>Oseba za kontakt: Agata Klinar Medakovi\u0107<\/p>\n<p>&nbsp;<\/p>\n\n\t\t<style type=\"text\/css\">\n\t\t\t#gallery-1 {\n\t\t\t\tmargin: auto;\n\t\t\t}\n\t\t\t#gallery-1 .gallery-item {\n\t\t\t\tfloat: left;\n\t\t\t\tmargin-top: 10px;\n\t\t\t\ttext-align: center;\n\t\t\t\twidth: 100%;\n\t\t\t}\n\t\t\t#gallery-1 img {\n\t\t\t\tborder: 2px solid #cfcfcf;\n\t\t\t}\n\t\t\t#gallery-1 .gallery-caption {\n\t\t\t\tmargin-left: 0;\n\t\t\t}\n\t\t\t\/* see gallery_shortcode() in wp-includes\/media.php *\/\n\t\t<\/style>\n\t\t<div id='gallery-1' class='gallery galleryid-15 gallery-columns-1 gallery-size-medium'><dl class='gallery-item'>\n\t\t\t<dt class='gallery-icon landscape'>\n\t\t\t\t<a href='http:\/\/tmp.warp-poligon.info\/si\/wp-content\/uploads\/sites\/2\/2014\/03\/Konstitutirajuca-sjednica_mandat-2019_2023-1.jpg'><img decoding=\"async\" width=\"300\" height=\"225\" src=\"http:\/\/tmp.warp-poligon.info\/si\/wp-content\/uploads\/sites\/2\/2014\/03\/Konstitutirajuca-sjednica_mandat-2019_2023-1-300x225.jpg\" class=\"attachment-medium size-medium\" alt=\"\" aria-describedby=\"gallery-1-3757\" srcset=\"http:\/\/tmp.warp-poligon.info\/si\/wp-content\/uploads\/sites\/2\/2014\/03\/Konstitutirajuca-sjednica_mandat-2019_2023-1-200x150.jpg 200w, http:\/\/tmp.warp-poligon.info\/si\/wp-content\/uploads\/sites\/2\/2014\/03\/Konstitutirajuca-sjednica_mandat-2019_2023-1-300x225.jpg 300w, http:\/\/tmp.warp-poligon.info\/si\/wp-content\/uploads\/sites\/2\/2014\/03\/Konstitutirajuca-sjednica_mandat-2019_2023-1-400x300.jpg 400w, http:\/\/tmp.warp-poligon.info\/si\/wp-content\/uploads\/sites\/2\/2014\/03\/Konstitutirajuca-sjednica_mandat-2019_2023-1-600x450.jpg 600w, http:\/\/tmp.warp-poligon.info\/si\/wp-content\/uploads\/sites\/2\/2014\/03\/Konstitutirajuca-sjednica_mandat-2019_2023-1.jpg 700w\" sizes=\"(max-width: 300px) 100vw, 300px\" \/><\/a>\n\t\t\t<\/dt>\n\t\t\t\t<dd class='wp-caption-text gallery-caption' id='gallery-1-3757'>\n\t\t\t\t\u010clani Sveta na ustanovni seji. Foto: MZ\n\t\t\t\t<\/dd><\/dl><br style=\"clear: both\" \/>\n\t\t<\/div>\n\n<p>&nbsp;<\/p>\n<p>Naslov:\u00a0<strong>Remetine\u010dka cesta 77 b, HR-10000 Zagreb<\/strong><\/p>\n<p><i class=\"fa fontawesome-icon fa-phone circle-no\"><\/i>Telefon: \u00a0<strong>+385 (0) 1 6525-973<\/strong><\/p>\n<p><i class=\"fa fontawesome-icon fa-fax circle-no\"><\/i>\u00a0Fax:\u00a0<strong>+385 (0) 1 6525-979<\/strong><\/p>\n<p><i class=\"fa fontawesome-icon fa-envelope-o circle-no\"><\/i>\u00a0E-po\u0161ta:\u00a0<strong>slovenci.zagreb@zg.t-com.hr<\/strong><\/p>\n<p>&nbsp;<\/p>\n<p>&nbsp;<\/p>\n<p>&nbsp;<\/p>\n","protected":false},"excerpt":{"rendered":"<p>Po popisu prebivalstva iz leta 2011, Svet slovenske narodne manj\u0161ine Mesta Zagreb predstavlja 2132 pripadnikov slovenske narodne manj\u0161ine v Mestu Zagreb. 5. maja 2019 (ko so bile volitve) je bilo v volilni seznam vpisano 1878 pripadnikov slovenske narodne manj\u0161ine. Svet \u0161teje 25 \u010dlanov, ki so izvoljeni na volitvah 5. maja 2019. Ustanovna seja Sveta je [&hellip;]<\/p>\n","protected":false},"author":1,"featured_media":0,"parent":0,"menu_order":0,"comment_status":"closed","ping_status":"open","template":"","meta":{"footnotes":""},"yoast_head":"<!-- This site is optimized with the Yoast SEO plugin v21.9.1 - https:\/\/yoast.com\/wordpress\/plugins\/seo\/ -->\n<title>\u010clani Sveta | Slovenski dom in Svet slovenske nacionalne manj\u0161ine Mesta Zagreb<\/title>\n<meta name=\"robots\" content=\"index, follow, max-snippet:-1, max-image-preview:large, max-video-preview:-1\" \/>\n<link rel=\"canonical\" href=\"http:\/\/tmp.warp-poligon.info\/si\/clani-sveta\/\" \/>\n<meta property=\"og:locale\" content=\"sl_SI\" \/>\n<meta property=\"og:type\" content=\"article\" \/>\n<meta property=\"og:title\" content=\"\u010clani Sveta | Slovenski dom in Svet slovenske nacionalne manj\u0161ine Mesta Zagreb\" \/>\n<meta property=\"og:description\" content=\"Po popisu prebivalstva iz leta 2011, Svet slovenske narodne manj\u0161ine Mesta Zagreb predstavlja 2132 pripadnikov slovenske narodne manj\u0161ine v Mestu Zagreb. 5. maja 2019 (ko so bile volitve) je bilo v volilni seznam vpisano 1878 pripadnikov slovenske narodne manj\u0161ine. Svet \u0161teje 25 \u010dlanov, ki so izvoljeni na volitvah 5. maja 2019. Ustanovna seja Sveta je [&hellip;]\" \/>\n<meta property=\"og:url\" content=\"http:\/\/tmp.warp-poligon.info\/si\/clani-sveta\/\" \/>\n<meta property=\"og:site_name\" content=\"Slovenski dom in Svet slovenske nacionalne manj\u0161ine Mesta Zagreb\" \/>\n<meta property=\"article:modified_time\" content=\"2023-06-29T22:23:46+00:00\" \/>\n<meta property=\"og:image\" content=\"http:\/\/tmp.warp-poligon.info\/si\/wp-content\/uploads\/sites\/2\/2014\/03\/Konstitutirajuca-sjednica_mandat-2019_2023-1-300x225.jpg\" \/>\n<meta name=\"twitter:label1\" content=\"Est. reading time\" \/>\n\t<meta name=\"twitter:data1\" content=\"2 minuti\" \/>\n<script type=\"application\/ld+json\" class=\"yoast-schema-graph\">{\"@context\":\"https:\/\/schema.org\",\"@graph\":[{\"@type\":\"WebPage\",\"@id\":\"http:\/\/tmp.warp-poligon.info\/si\/clani-sveta\/\",\"url\":\"http:\/\/tmp.warp-poligon.info\/si\/clani-sveta\/\",\"name\":\"\u010clani Sveta | Slovenski dom in Svet slovenske nacionalne manj\u0161ine Mesta Zagreb\",\"isPartOf\":{\"@id\":\"http:\/\/tmp.warp-poligon.info\/si\/#website\"},\"datePublished\":\"2014-03-09T21:52:28+00:00\",\"dateModified\":\"2023-06-29T22:23:46+00:00\",\"breadcrumb\":{\"@id\":\"http:\/\/tmp.warp-poligon.info\/si\/clani-sveta\/#breadcrumb\"},\"inLanguage\":\"sl-SI\",\"potentialAction\":[{\"@type\":\"ReadAction\",\"target\":[\"http:\/\/tmp.warp-poligon.info\/si\/clani-sveta\/\"]}]},{\"@type\":\"BreadcrumbList\",\"@id\":\"http:\/\/tmp.warp-poligon.info\/si\/clani-sveta\/#breadcrumb\",\"itemListElement\":[{\"@type\":\"ListItem\",\"position\":1,\"name\":\"Home\",\"item\":\"http:\/\/tmp.warp-poligon.info\/si\/\"},{\"@type\":\"ListItem\",\"position\":2,\"name\":\"\u010clani Sveta\"}]},{\"@type\":\"WebSite\",\"@id\":\"http:\/\/tmp.warp-poligon.info\/si\/#website\",\"url\":\"http:\/\/tmp.warp-poligon.info\/si\/\",\"name\":\"Slovenski dom in Svet slovenske nacionalne manj\u0161ine Mesta Zagreb\",\"description\":\"\",\"potentialAction\":[{\"@type\":\"SearchAction\",\"target\":{\"@type\":\"EntryPoint\",\"urlTemplate\":\"http:\/\/tmp.warp-poligon.info\/si\/?s={search_term_string}\"},\"query-input\":\"required name=search_term_string\"}],\"inLanguage\":\"sl-SI\"}]}<\/script>\n<!-- \/ Yoast SEO plugin. -->","yoast_head_json":{"title":"\u010clani Sveta | Slovenski dom in Svet slovenske nacionalne manj\u0161ine Mesta Zagreb","robots":{"index":"index","follow":"follow","max-snippet":"max-snippet:-1","max-image-preview":"max-image-preview:large","max-video-preview":"max-video-preview:-1"},"canonical":"http:\/\/tmp.warp-poligon.info\/si\/clani-sveta\/","og_locale":"sl_SI","og_type":"article","og_title":"\u010clani Sveta | Slovenski dom in Svet slovenske nacionalne manj\u0161ine Mesta Zagreb","og_description":"Po popisu prebivalstva iz leta 2011, Svet slovenske narodne manj\u0161ine Mesta Zagreb predstavlja 2132 pripadnikov slovenske narodne manj\u0161ine v Mestu Zagreb. 5. maja 2019 (ko so bile volitve) je bilo v volilni seznam vpisano 1878 pripadnikov slovenske narodne manj\u0161ine. Svet \u0161teje 25 \u010dlanov, ki so izvoljeni na volitvah 5. maja 2019. Ustanovna seja Sveta je [&hellip;]","og_url":"http:\/\/tmp.warp-poligon.info\/si\/clani-sveta\/","og_site_name":"Slovenski dom in Svet slovenske nacionalne manj\u0161ine Mesta Zagreb","article_modified_time":"2023-06-29T22:23:46+00:00","og_image":[{"url":"http:\/\/tmp.warp-poligon.info\/si\/wp-content\/uploads\/sites\/2\/2014\/03\/Konstitutirajuca-sjednica_mandat-2019_2023-1-300x225.jpg"}],"twitter_misc":{"Est. reading time":"2 minuti"},"schema":{"@context":"https:\/\/schema.org","@graph":[{"@type":"WebPage","@id":"http:\/\/tmp.warp-poligon.info\/si\/clani-sveta\/","url":"http:\/\/tmp.warp-poligon.info\/si\/clani-sveta\/","name":"\u010clani Sveta | Slovenski dom in Svet slovenske nacionalne manj\u0161ine Mesta Zagreb","isPartOf":{"@id":"http:\/\/tmp.warp-poligon.info\/si\/#website"},"datePublished":"2014-03-09T21:52:28+00:00","dateModified":"2023-06-29T22:23:46+00:00","breadcrumb":{"@id":"http:\/\/tmp.warp-poligon.info\/si\/clani-sveta\/#breadcrumb"},"inLanguage":"sl-SI","potentialAction":[{"@type":"ReadAction","target":["http:\/\/tmp.warp-poligon.info\/si\/clani-sveta\/"]}]},{"@type":"BreadcrumbList","@id":"http:\/\/tmp.warp-poligon.info\/si\/clani-sveta\/#breadcrumb","itemListElement":[{"@type":"ListItem","position":1,"name":"Home","item":"http:\/\/tmp.warp-poligon.info\/si\/"},{"@type":"ListItem","position":2,"name":"\u010clani Sveta"}]},{"@type":"WebSite","@id":"http:\/\/tmp.warp-poligon.info\/si\/#website","url":"http:\/\/tmp.warp-poligon.info\/si\/","name":"Slovenski dom in Svet slovenske nacionalne manj\u0161ine Mesta Zagreb","description":"","potentialAction":[{"@type":"SearchAction","target":{"@type":"EntryPoint","urlTemplate":"http:\/\/tmp.warp-poligon.info\/si\/?s={search_term_string}"},"query-input":"required name=search_term_string"}],"inLanguage":"sl-SI"}]}},"_links":{"self":[{"href":"http:\/\/tmp.warp-poligon.info\/si\/wp-json\/wp\/v2\/pages\/15"}],"collection":[{"href":"http:\/\/tmp.warp-poligon.info\/si\/wp-json\/wp\/v2\/pages"}],"about":[{"href":"http:\/\/tmp.warp-poligon.info\/si\/wp-json\/wp\/v2\/types\/page"}],"author":[{"embeddable":true,"href":"http:\/\/tmp.warp-poligon.info\/si\/wp-json\/wp\/v2\/users\/1"}],"replies":[{"embeddable":true,"href":"http:\/\/tmp.warp-poligon.info\/si\/wp-json\/wp\/v2\/comments?post=15"}],"version-history":[{"count":16,"href":"http:\/\/tmp.warp-poligon.info\/si\/wp-json\/wp\/v2\/pages\/15\/revisions"}],"predecessor-version":[{"id":4350,"href":"http:\/\/tmp.warp-poligon.info\/si\/wp-json\/wp\/v2\/pages\/15\/revisions\/4350"}],"wp:attachment":[{"href":"http:\/\/tmp.warp-poligon.info\/si\/wp-json\/wp\/v2\/media?parent=15"}],"curies":[{"name":"wp","href":"https:\/\/api.w.org\/{rel}","templated":true}]}}