{"id":17,"date":"2014-03-09T22:52:54","date_gmt":"2014-03-09T21:52:54","guid":{"rendered":"http:\/\/tmp.warp-poligon.info\/si\/?page_id=17"},"modified":"2023-06-30T00:26:22","modified_gmt":"2023-06-29T22:26:22","slug":"sveti-in-predstavniki","status":"publish","type":"page","link":"http:\/\/tmp.warp-poligon.info\/si\/sveti-in-predstavniki\/","title":{"rendered":"Sveti in predstavniki"},"content":{"rendered":"<h4>Seznam svetov in predstavnikov slovenske nacionalne manj\u0161ine na Hrva\u0161kem<\/h4>\n<h2><strong>Mandat 2019 &#8211; 2023<\/strong><\/h2>\n<h2>Sveti &#8211; \u017eupanije<\/h2>\n<p><strong>Marjan Brecelj<\/strong><br \/>\nSvet slovenske nacionalne manj\u0161ine Istrske \u017eupanije<br \/>\nHermana Dalmatina 4, 52000 Pula<br \/>\nTel. 052 215 851<br \/>\nE-naslov: <a href=\"mailto:slovenci@skdistra.hr\">slovenci@skdistra.hr<\/a><br \/>\nSplet: <a href=\"http:\/\/www.skdistra.hr\" target=\"_blank\" rel=\"noopener noreferrer\">www.skdistra.hr<\/a><\/p>\n<p><strong>Vasja Simoni\u010d<\/strong><br \/>\nSvet slovenske nacionalne manj\u0161ine Primorsko-goranske \u017eupanije<br \/>\nPodpinjol 43, 51000 Rijeka<br \/>\nE-naslov: <a href=\"mailto:sneznik@ri.t-com.hr\">sneznik@ri.t-com.hr<\/a><\/p>\n<p><strong>Cveto \u0160u\u0161melj<\/strong><br \/>\nSvet slovenske nacionalne manj\u0161ine Splitsko-dalmatinske \u017eupanije<br \/>\n\u0160ibenska 3, 21000 Split<br \/>\nTel.\/Fax. 021 343 137 &#8211; Mob. 091 510 88 26<br \/>\nE-naslov: <a href=\"mailto:skdtriglavsplit@gmail.com\">skdtriglavsplit@gmail.com<\/a><\/p>\n<p><strong>Darko \u0160onc<\/strong><br \/>\nSvet slovenske nacionalne manj\u0161ine Mesta Zagreb<br \/>\nRemetine\u010dka cesta 77 b, 10020 Novi Zagreb<br \/>\nTel. 01 6525 973 &#8211; Fax. 01 6525 979<br \/>\nE-naslov:<a href=\"mailto:slovenci.zagreb@zg.t-com.hr\"> slovenci.zagreb@zg.t-com.hr<\/a><br \/>\nSplet:\u00a0<a href=\"http:\/\/tmp.warp-poligon.info\">tmp.warp-poligon.info<\/a><\/p>\n<h2><strong>Sveti &#8211; mesta<\/strong><\/h2>\n<p><strong>Marija Langer<\/strong><br \/>\nSvet slovenske nacionalne manj\u0161ine Mesta Pulj<br \/>\nHermana Dalmatina 4, 52000 Pula<br \/>\nTel. 052 215 851 &#8211; Fax. 052 544 406<br \/>\nE-naslov: <a href=\"mailto:slovenci@skdistra.hr\">slovenci@skdistra.hr<\/a><br \/>\nSplet:\u00a0<a href=\"http:\/\/www.skdistra.hr\">www.skdistra.hr<\/a><\/p>\n<p><strong>Boris Rejec<\/strong><br \/>\nSvet slovenske nacionalne manj\u0161ine Mesta Reka<br \/>\nPodpinjol 43, 51000 Rijeka<br \/>\nE-naslov: <a href=\"mailto:vj.slo.nm.ri@gmail.com\">vj.slo.nm.ri@gmail.com<\/a><\/p>\n<p><strong>Nade\u017eda Eterovi\u0107<\/strong><br \/>\nSvet slovenske nacionalne manj\u0161ine Mesta Split<br \/>\n\u0160ibenska 3, 21000 Split<br \/>\nTel. 021 343 137 &#8211; Fax. 021 321 434<br \/>\nMob. 091 450 4498<br \/>\nE-naslov: <a href=\"mailto:skdtriglavsplit@gmail.com\">skdtriglavsplit@gmail.com<\/a><\/p>\n<p><strong>Eva Vrtovec<br \/>\n<\/strong>Svet slovenske nacionalne manj\u0161ine Mesta Umag<strong><br \/>\n<\/strong>Trgova\u010dka 6, 52470 Umag<br \/>\nMob. 091 141 2951<br \/>\nE-mail: <a href=\"mailto:skdajdaumag@gmail.com\">skdajdaumag@gmail.com<\/a><strong><br \/>\n<\/strong><\/p>\n<p><strong>Slavko \u017dagar<\/strong><br \/>\nSvet slovenske nacionalne manj\u0161ine Mesta \u010cabar<br \/>\nPartizanski put 14, 51307 Prezid<br \/>\nMob. 099 767 02370, e-po\u0161ta: <a href=\"mailto:slovenci.cabar@gmail.com\">slovenci.cabar@gmail.com<\/a><\/p>\n<h2><strong>Predstavniki &#8211; \u00a0\u017eupanije<\/strong><\/h2>\n<p><strong>Janez Jankovi\u010d<\/strong><br \/>\nPredstavnik slovenske nacionalne manj\u0161ine Karlov\u0161ke \u017eupanije<br \/>\nDragutina Domjani\u0107a 1, 47000 Karlovec<br \/>\nTel: 047 414 651, mob. 091 195 2021, e-po\u0161ta: <a href=\"mailto:janezjankovic.pcelar1@gmail.com\">janezjankovic.pcelar1@gmail.com<\/a><\/p>\n<p><strong>Barbara Antoli\u0107 Vupora<\/strong><br \/>\nPredstavnica slovenske nacionalne manj\u0161ine Vara\u017edinske \u017eupanije<br \/>\nVrazova 4, 42000 Vara\u017edin<br \/>\nMob. 098 281 338<br \/>\nE-naslov: <a href=\"mailto:slovenci.vz@gmail.com\">slovenci.vz@gmail.com<\/a><\/p>\n<p><strong>Polonca Margeta<\/strong><br \/>\nPredstavnica slovenske nacionalne manj\u0161ine Osje\u0161ko-baranjske \u017eupanije<br \/>\nE-naslov:<a href=\"mailto:predstavnikslovenaca@obz.hr\"> predstavnikslovenaca@obz.hr<\/a><\/p>\n<p><strong>Rafaela \u0160tulina<\/strong><br \/>\nPredstavnica slovenske nacionalne manj\u0161ine Zadrske \u017eupanije<br \/>\nPoljica &#8211; brig 3, 23235 Vrsi<br \/>\nE-naslov: <a href=\"mailto:zadarlipa@gmail.com\">zadarlipa@gmail.com<\/a><\/p>\n<h2><strong>Predstavniki &#8211; mesta<\/strong><\/h2>\n<p><strong>Marina Dela\u010d &#8211; Tep\u0161i\u0107<\/strong><br \/>\nPredstavnica slovenske nacionalne manj\u0161ine Mesta Karlovec<br \/>\nDomobranska 20 B, 47000 Karlovec<br \/>\nMob. 098 959 2726<br \/>\nE-naslov: <a href=\"mailto:slovenci.karlovac@gmail.com\">slovenci.karlovac@gmail.com<\/a><\/p>\n<p><strong>Sabina Ko\u017eelj-Horvat<\/strong><br \/>\nPredstavnica slovenske nacionalne manj\u0161ine Mesta Osijek<br \/>\nAlojzija Stepinca 29, 31000 Osijek<br \/>\nE-naslov: <a href=\"mailto:skdstankovraz@gmail.com\">skdstankovraz@gmail.com<\/a><\/p>\n<p><strong>Darinka Lovri\u0107<\/strong><br \/>\nPredstavnica slovenske nacionalne manj\u0161ine Mesta Pore\u010d<br \/>\nVarvari, Piantade 180, 52440 Pore\u010d<br \/>\nE-naslov: <a href=\"mailto:skd.oljka@gmail.com\">skd.oljka@gmail.com<\/a><\/p>\n<p><strong>Goran Gor\u0161e<\/strong><br \/>\nPredstavnik slovenske nacionalne manj\u0161ine Mesta Samobor<br \/>\nKneza Trpimira 37, Lug Samoborski, 10432 Bregana<br \/>\nTel. 01 336 66 55<br \/>\nE-naslov: <a href=\"mailto:gorse.goran@gmail.com\">gorse.goran@gmail.com<\/a><\/p>\n<p><strong>Ana Antoli\u0107<\/strong><br \/>\nPredstavnica slovenske nacionalne manj\u0161ine Mesta Vara\u017edin<br \/>\nVrazova 4, 42000 Vara\u017edin<br \/>\nE-naslov: <a href=\"mailto:slovenci.vz@gmail.com\">slovenci.vz@gmail.com<\/a><\/p>\n<p><strong>Darja Jusup<\/strong><br \/>\nPredstavnica slovenske nacionalne manj\u0161ine Mesta Zadar<br \/>\nPut Bokanjca 29, 23000 Zadar<br \/>\nTel. 023 202 412 &#8211; Mob. 091 591 41 47<br \/>\nE-naslov: <a href=\"mailto:zadarlipa@gmail.com\">zadarlipa@gmail.com<\/a><\/p>\n<p><strong>Nikolaja Stock<\/strong><br \/>\nPredstavnica slovenske nacionalne manj\u0161ine Mesta Opatija<br \/>\nFalaleli\u0107i 9, 51414 I\u010di\u0107i<br \/>\nMob. 091 890 2227<br \/>\nE-naslov: <a href=\"mailto:nika.stock@gmail.com\">nika.stock@gmail.com<\/a><\/p>\n<h2><\/h2>\n<h2>Sveta \u2013 ob\u010dina<\/h2>\n<p><strong>Robert Bav\u010dar<\/strong><br \/>\nSvet slovenske nacionalne manj\u0161ine Ob\u010dine Matulji<br \/>\nOb\u010dina Matulji, Trg Mar\u0161ala Tita 11, 51211 Matulji<br \/>\nE-mail: <a href=\"mailto:robert.bavcar@hops.hr\">robert.bavcar@hops.hr<\/a><\/p>\n<p><strong>Ana Mumlek<\/strong><br \/>\nSvet slovenske nacionalne manj\u0161ine Ob\u010dine Cestica<br \/>\nVrazova 4, 42000 Vara\u017edin<br \/>\nE-mail: <a href=\"mailto:slovenci.vz@gmail.com\">slovenci.vz@gmail.com<\/a><\/p>\n<p>&nbsp;<\/p>\n","protected":false},"excerpt":{"rendered":"<p>Seznam svetov in predstavnikov slovenske nacionalne manj\u0161ine na Hrva\u0161kem Mandat 2019 &#8211; 2023 Sveti &#8211; \u017eupanije Marjan Brecelj Svet slovenske nacionalne manj\u0161ine Istrske \u017eupanije Hermana Dalmatina 4, 52000 Pula Tel. 052 215 851 E-naslov: slovenci@skdistra.hr Splet: www.skdistra.hr Vasja Simoni\u010d Svet slovenske nacionalne manj\u0161ine Primorsko-goranske \u017eupanije Podpinjol 43, 51000 Rijeka E-naslov: sneznik@ri.t-com.hr Cveto \u0160u\u0161melj Svet slovenske [&hellip;]<\/p>\n","protected":false},"author":1,"featured_media":0,"parent":0,"menu_order":0,"comment_status":"closed","ping_status":"open","template":"","meta":{"footnotes":""},"yoast_head":"<!-- This site is optimized with the Yoast SEO plugin v21.9.1 - https:\/\/yoast.com\/wordpress\/plugins\/seo\/ -->\n<title>Sveti in predstavniki | Slovenski dom in Svet slovenske nacionalne manj\u0161ine Mesta Zagreb<\/title>\n<meta name=\"robots\" content=\"index, follow, max-snippet:-1, max-image-preview:large, max-video-preview:-1\" \/>\n<link rel=\"canonical\" href=\"http:\/\/tmp.warp-poligon.info\/si\/sveti-in-predstavniki\/\" \/>\n<meta property=\"og:locale\" content=\"sl_SI\" \/>\n<meta property=\"og:type\" content=\"article\" \/>\n<meta property=\"og:title\" content=\"Sveti in predstavniki | Slovenski dom in Svet slovenske nacionalne manj\u0161ine Mesta Zagreb\" \/>\n<meta property=\"og:description\" content=\"Seznam svetov in predstavnikov slovenske nacionalne manj\u0161ine na Hrva\u0161kem Mandat 2019 &#8211; 2023 Sveti &#8211; \u017eupanije Marjan Brecelj Svet slovenske nacionalne manj\u0161ine Istrske \u017eupanije Hermana Dalmatina 4, 52000 Pula Tel. 052 215 851 E-naslov: slovenci@skdistra.hr Splet: www.skdistra.hr Vasja Simoni\u010d Svet slovenske nacionalne manj\u0161ine Primorsko-goranske \u017eupanije Podpinjol 43, 51000 Rijeka E-naslov: sneznik@ri.t-com.hr Cveto \u0160u\u0161melj Svet slovenske [&hellip;]\" \/>\n<meta property=\"og:url\" content=\"http:\/\/tmp.warp-poligon.info\/si\/sveti-in-predstavniki\/\" \/>\n<meta property=\"og:site_name\" content=\"Slovenski dom in Svet slovenske nacionalne manj\u0161ine Mesta Zagreb\" \/>\n<meta property=\"article:modified_time\" content=\"2023-06-29T22:26:22+00:00\" \/>\n<meta name=\"twitter:label1\" content=\"Est. reading time\" \/>\n\t<meta name=\"twitter:data1\" content=\"3 minute\" \/>\n<script type=\"application\/ld+json\" class=\"yoast-schema-graph\">{\"@context\":\"https:\/\/schema.org\",\"@graph\":[{\"@type\":\"WebPage\",\"@id\":\"http:\/\/tmp.warp-poligon.info\/si\/sveti-in-predstavniki\/\",\"url\":\"http:\/\/tmp.warp-poligon.info\/si\/sveti-in-predstavniki\/\",\"name\":\"Sveti in predstavniki | Slovenski dom in Svet slovenske nacionalne manj\u0161ine Mesta Zagreb\",\"isPartOf\":{\"@id\":\"http:\/\/tmp.warp-poligon.info\/si\/#website\"},\"datePublished\":\"2014-03-09T21:52:54+00:00\",\"dateModified\":\"2023-06-29T22:26:22+00:00\",\"breadcrumb\":{\"@id\":\"http:\/\/tmp.warp-poligon.info\/si\/sveti-in-predstavniki\/#breadcrumb\"},\"inLanguage\":\"sl-SI\",\"potentialAction\":[{\"@type\":\"ReadAction\",\"target\":[\"http:\/\/tmp.warp-poligon.info\/si\/sveti-in-predstavniki\/\"]}]},{\"@type\":\"BreadcrumbList\",\"@id\":\"http:\/\/tmp.warp-poligon.info\/si\/sveti-in-predstavniki\/#breadcrumb\",\"itemListElement\":[{\"@type\":\"ListItem\",\"position\":1,\"name\":\"Home\",\"item\":\"http:\/\/tmp.warp-poligon.info\/si\/\"},{\"@type\":\"ListItem\",\"position\":2,\"name\":\"Sveti in predstavniki\"}]},{\"@type\":\"WebSite\",\"@id\":\"http:\/\/tmp.warp-poligon.info\/si\/#website\",\"url\":\"http:\/\/tmp.warp-poligon.info\/si\/\",\"name\":\"Slovenski dom in Svet slovenske nacionalne manj\u0161ine Mesta Zagreb\",\"description\":\"\",\"potentialAction\":[{\"@type\":\"SearchAction\",\"target\":{\"@type\":\"EntryPoint\",\"urlTemplate\":\"http:\/\/tmp.warp-poligon.info\/si\/?s={search_term_string}\"},\"query-input\":\"required name=search_term_string\"}],\"inLanguage\":\"sl-SI\"}]}<\/script>\n<!-- \/ Yoast SEO plugin. -->","yoast_head_json":{"title":"Sveti in predstavniki | Slovenski dom in Svet slovenske nacionalne manj\u0161ine Mesta Zagreb","robots":{"index":"index","follow":"follow","max-snippet":"max-snippet:-1","max-image-preview":"max-image-preview:large","max-video-preview":"max-video-preview:-1"},"canonical":"http:\/\/tmp.warp-poligon.info\/si\/sveti-in-predstavniki\/","og_locale":"sl_SI","og_type":"article","og_title":"Sveti in predstavniki | Slovenski dom in Svet slovenske nacionalne manj\u0161ine Mesta Zagreb","og_description":"Seznam svetov in predstavnikov slovenske nacionalne manj\u0161ine na Hrva\u0161kem Mandat 2019 &#8211; 2023 Sveti &#8211; \u017eupanije Marjan Brecelj Svet slovenske nacionalne manj\u0161ine Istrske \u017eupanije Hermana Dalmatina 4, 52000 Pula Tel. 052 215 851 E-naslov: slovenci@skdistra.hr Splet: www.skdistra.hr Vasja Simoni\u010d Svet slovenske nacionalne manj\u0161ine Primorsko-goranske \u017eupanije Podpinjol 43, 51000 Rijeka E-naslov: sneznik@ri.t-com.hr Cveto \u0160u\u0161melj Svet slovenske [&hellip;]","og_url":"http:\/\/tmp.warp-poligon.info\/si\/sveti-in-predstavniki\/","og_site_name":"Slovenski dom in Svet slovenske nacionalne manj\u0161ine Mesta Zagreb","article_modified_time":"2023-06-29T22:26:22+00:00","twitter_misc":{"Est. reading time":"3 minute"},"schema":{"@context":"https:\/\/schema.org","@graph":[{"@type":"WebPage","@id":"http:\/\/tmp.warp-poligon.info\/si\/sveti-in-predstavniki\/","url":"http:\/\/tmp.warp-poligon.info\/si\/sveti-in-predstavniki\/","name":"Sveti in predstavniki | Slovenski dom in Svet slovenske nacionalne manj\u0161ine Mesta Zagreb","isPartOf":{"@id":"http:\/\/tmp.warp-poligon.info\/si\/#website"},"datePublished":"2014-03-09T21:52:54+00:00","dateModified":"2023-06-29T22:26:22+00:00","breadcrumb":{"@id":"http:\/\/tmp.warp-poligon.info\/si\/sveti-in-predstavniki\/#breadcrumb"},"inLanguage":"sl-SI","potentialAction":[{"@type":"ReadAction","target":["http:\/\/tmp.warp-poligon.info\/si\/sveti-in-predstavniki\/"]}]},{"@type":"BreadcrumbList","@id":"http:\/\/tmp.warp-poligon.info\/si\/sveti-in-predstavniki\/#breadcrumb","itemListElement":[{"@type":"ListItem","position":1,"name":"Home","item":"http:\/\/tmp.warp-poligon.info\/si\/"},{"@type":"ListItem","position":2,"name":"Sveti in predstavniki"}]},{"@type":"WebSite","@id":"http:\/\/tmp.warp-poligon.info\/si\/#website","url":"http:\/\/tmp.warp-poligon.info\/si\/","name":"Slovenski dom in Svet slovenske nacionalne manj\u0161ine Mesta Zagreb","description":"","potentialAction":[{"@type":"SearchAction","target":{"@type":"EntryPoint","urlTemplate":"http:\/\/tmp.warp-poligon.info\/si\/?s={search_term_string}"},"query-input":"required name=search_term_string"}],"inLanguage":"sl-SI"}]}},"_links":{"self":[{"href":"http:\/\/tmp.warp-poligon.info\/si\/wp-json\/wp\/v2\/pages\/17"}],"collection":[{"href":"http:\/\/tmp.warp-poligon.info\/si\/wp-json\/wp\/v2\/pages"}],"about":[{"href":"http:\/\/tmp.warp-poligon.info\/si\/wp-json\/wp\/v2\/types\/page"}],"author":[{"embeddable":true,"href":"http:\/\/tmp.warp-poligon.info\/si\/wp-json\/wp\/v2\/users\/1"}],"replies":[{"embeddable":true,"href":"http:\/\/tmp.warp-poligon.info\/si\/wp-json\/wp\/v2\/comments?post=17"}],"version-history":[{"count":25,"href":"http:\/\/tmp.warp-poligon.info\/si\/wp-json\/wp\/v2\/pages\/17\/revisions"}],"predecessor-version":[{"id":4390,"href":"http:\/\/tmp.warp-poligon.info\/si\/wp-json\/wp\/v2\/pages\/17\/revisions\/4390"}],"wp:attachment":[{"href":"http:\/\/tmp.warp-poligon.info\/si\/wp-json\/wp\/v2\/media?parent=17"}],"curies":[{"name":"wp","href":"https:\/\/api.w.org\/{rel}","templated":true}]}}