{"id":1712,"date":"2016-12-31T22:14:20","date_gmt":"2016-12-31T21:14:20","guid":{"rendered":"http:\/\/tmp.warp-poligon.info\/si\/?page_id=1712"},"modified":"2017-01-04T22:18:33","modified_gmt":"2017-01-04T21:18:33","slug":"visoki-jubilej-novega-odmeva","status":"publish","type":"page","link":"http:\/\/tmp.warp-poligon.info\/si\/novice\/visoki-jubilej-novega-odmeva\/","title":{"rendered":"Visoki jubilej Novega odmeva"},"content":{"rendered":"<p style=\"text-align: justify\">Zagreb &#8211; V Slovenskem domu je 30. decembra potekala sve\u010dana predstavitev 60. \u0161tevilke Novega odmeva in slovesnost ob 20. obletnici izhajanja, ki jo je vodil predsednik Slovenskega doma in SSNM MZ <strong>Darko \u0160onc<\/strong>. Sledilo je slovo od starega leta na katerem so se v veselem vzdu\u0161ju in ob slovenski narodnozabavni glasbi \u010dlani Slovenskega doma\u00a0 ru\u017eili do poznih ur. (akm)<\/p>\n<p style=\"text-align: justify\">Foto: Antun Bukovec<\/p>\n<p style=\"text-align: justify\">Ve\u010d v Novem odmevu 61.<\/p>\n<p style=\"text-align: justify\"><a href=\"http:\/\/tmp.warp-poligon.info\/si\/wp-content\/uploads\/sites\/2\/2017\/01\/odmev-1.jpg\"><img decoding=\"async\" class=\"aligncenter wp-image-1707 size-medium\" src=\"http:\/\/tmp.warp-poligon.info\/si\/wp-content\/uploads\/sites\/2\/2017\/01\/odmev-1-300x225.jpg\" alt=\"odmev-1\" width=\"300\" height=\"225\" srcset=\"http:\/\/tmp.warp-poligon.info\/si\/wp-content\/uploads\/sites\/2\/2017\/01\/odmev-1-300x225.jpg 300w, http:\/\/tmp.warp-poligon.info\/si\/wp-content\/uploads\/sites\/2\/2017\/01\/odmev-1-1024x768.jpg 1024w\" sizes=\"(max-width: 300px) 100vw, 300px\" \/><\/a><\/p>\n<p style=\"text-align: justify\"><a href=\"http:\/\/tmp.warp-poligon.info\/si\/wp-content\/uploads\/sites\/2\/2017\/01\/odmev4.jpg\"><img decoding=\"async\" class=\"aligncenter wp-image-1710 size-medium\" src=\"http:\/\/tmp.warp-poligon.info\/si\/wp-content\/uploads\/sites\/2\/2017\/01\/odmev4-300x225.jpg\" alt=\"odmev4\" width=\"300\" height=\"225\" srcset=\"http:\/\/tmp.warp-poligon.info\/si\/wp-content\/uploads\/sites\/2\/2017\/01\/odmev4-300x225.jpg 300w, http:\/\/tmp.warp-poligon.info\/si\/wp-content\/uploads\/sites\/2\/2017\/01\/odmev4-1024x768.jpg 1024w\" sizes=\"(max-width: 300px) 100vw, 300px\" \/><\/a><\/p>\n<p style=\"text-align: justify\"><a href=\"http:\/\/tmp.warp-poligon.info\/si\/wp-content\/uploads\/sites\/2\/2017\/01\/odmev2.jpg\"><img decoding=\"async\" class=\"aligncenter wp-image-1708 size-medium\" src=\"http:\/\/tmp.warp-poligon.info\/si\/wp-content\/uploads\/sites\/2\/2017\/01\/odmev2-300x225.jpg\" alt=\"odmev2\" width=\"300\" height=\"225\" srcset=\"http:\/\/tmp.warp-poligon.info\/si\/wp-content\/uploads\/sites\/2\/2017\/01\/odmev2-300x225.jpg 300w, http:\/\/tmp.warp-poligon.info\/si\/wp-content\/uploads\/sites\/2\/2017\/01\/odmev2-1024x768.jpg 1024w\" sizes=\"(max-width: 300px) 100vw, 300px\" \/><\/a><\/p>\n","protected":false},"excerpt":{"rendered":"<p>Zagreb &#8211; V Slovenskem domu je 30. decembra potekala sve\u010dana predstavitev 60. \u0161tevilke Novega odmeva in slovesnost ob 20. obletnici izhajanja, ki jo je vodil predsednik Slovenskega doma in SSNM MZ Darko \u0160onc. Sledilo je slovo od starega leta na katerem so se v veselem vzdu\u0161ju in ob slovenski narodnozabavni glasbi \u010dlani Slovenskega doma\u00a0 ru\u017eili [&hellip;]<\/p>\n","protected":false},"author":3,"featured_media":0,"parent":19,"menu_order":0,"comment_status":"closed","ping_status":"open","template":"","meta":{"footnotes":""},"yoast_head":"<!-- This site is optimized with the Yoast SEO plugin v21.9.1 - https:\/\/yoast.com\/wordpress\/plugins\/seo\/ -->\n<title>Visoki jubilej Novega odmeva | Slovenski dom in Svet slovenske nacionalne manj\u0161ine Mesta Zagreb<\/title>\n<meta name=\"robots\" content=\"index, follow, max-snippet:-1, max-image-preview:large, max-video-preview:-1\" \/>\n<link rel=\"canonical\" href=\"http:\/\/tmp.warp-poligon.info\/si\/novice\/visoki-jubilej-novega-odmeva\/\" \/>\n<meta property=\"og:locale\" content=\"sl_SI\" \/>\n<meta property=\"og:type\" content=\"article\" \/>\n<meta property=\"og:title\" content=\"Visoki jubilej Novega odmeva | Slovenski dom in Svet slovenske nacionalne manj\u0161ine Mesta Zagreb\" \/>\n<meta property=\"og:description\" content=\"Zagreb &#8211; V Slovenskem domu je 30. decembra potekala sve\u010dana predstavitev 60. \u0161tevilke Novega odmeva in slovesnost ob 20. obletnici izhajanja, ki jo je vodil predsednik Slovenskega doma in SSNM MZ Darko \u0160onc. Sledilo je slovo od starega leta na katerem so se v veselem vzdu\u0161ju in ob slovenski narodnozabavni glasbi \u010dlani Slovenskega doma\u00a0 ru\u017eili [&hellip;]\" \/>\n<meta property=\"og:url\" content=\"http:\/\/tmp.warp-poligon.info\/si\/novice\/visoki-jubilej-novega-odmeva\/\" \/>\n<meta property=\"og:site_name\" content=\"Slovenski dom in Svet slovenske nacionalne manj\u0161ine Mesta Zagreb\" \/>\n<meta property=\"article:modified_time\" content=\"2017-01-04T21:18:33+00:00\" \/>\n<meta property=\"og:image\" content=\"http:\/\/tmp.warp-poligon.info\/si\/wp-content\/uploads\/sites\/2\/2017\/01\/odmev-1-300x225.jpg\" \/>\n<script type=\"application\/ld+json\" class=\"yoast-schema-graph\">{\"@context\":\"https:\/\/schema.org\",\"@graph\":[{\"@type\":\"WebPage\",\"@id\":\"http:\/\/tmp.warp-poligon.info\/si\/novice\/visoki-jubilej-novega-odmeva\/\",\"url\":\"http:\/\/tmp.warp-poligon.info\/si\/novice\/visoki-jubilej-novega-odmeva\/\",\"name\":\"Visoki jubilej Novega odmeva | Slovenski dom in Svet slovenske nacionalne manj\u0161ine Mesta Zagreb\",\"isPartOf\":{\"@id\":\"http:\/\/tmp.warp-poligon.info\/si\/#website\"},\"datePublished\":\"2016-12-31T21:14:20+00:00\",\"dateModified\":\"2017-01-04T21:18:33+00:00\",\"breadcrumb\":{\"@id\":\"http:\/\/tmp.warp-poligon.info\/si\/novice\/visoki-jubilej-novega-odmeva\/#breadcrumb\"},\"inLanguage\":\"sl-SI\",\"potentialAction\":[{\"@type\":\"ReadAction\",\"target\":[\"http:\/\/tmp.warp-poligon.info\/si\/novice\/visoki-jubilej-novega-odmeva\/\"]}]},{\"@type\":\"BreadcrumbList\",\"@id\":\"http:\/\/tmp.warp-poligon.info\/si\/novice\/visoki-jubilej-novega-odmeva\/#breadcrumb\",\"itemListElement\":[{\"@type\":\"ListItem\",\"position\":1,\"name\":\"Home\",\"item\":\"http:\/\/tmp.warp-poligon.info\/si\/\"},{\"@type\":\"ListItem\",\"position\":2,\"name\":\"Novice\",\"item\":\"http:\/\/tmp.warp-poligon.info\/si\/\"},{\"@type\":\"ListItem\",\"position\":3,\"name\":\"Visoki jubilej Novega odmeva\"}]},{\"@type\":\"WebSite\",\"@id\":\"http:\/\/tmp.warp-poligon.info\/si\/#website\",\"url\":\"http:\/\/tmp.warp-poligon.info\/si\/\",\"name\":\"Slovenski dom in Svet slovenske nacionalne manj\u0161ine Mesta Zagreb\",\"description\":\"\",\"potentialAction\":[{\"@type\":\"SearchAction\",\"target\":{\"@type\":\"EntryPoint\",\"urlTemplate\":\"http:\/\/tmp.warp-poligon.info\/si\/?s={search_term_string}\"},\"query-input\":\"required name=search_term_string\"}],\"inLanguage\":\"sl-SI\"}]}<\/script>\n<!-- \/ Yoast SEO plugin. -->","yoast_head_json":{"title":"Visoki jubilej Novega odmeva | Slovenski dom in Svet slovenske nacionalne manj\u0161ine Mesta Zagreb","robots":{"index":"index","follow":"follow","max-snippet":"max-snippet:-1","max-image-preview":"max-image-preview:large","max-video-preview":"max-video-preview:-1"},"canonical":"http:\/\/tmp.warp-poligon.info\/si\/novice\/visoki-jubilej-novega-odmeva\/","og_locale":"sl_SI","og_type":"article","og_title":"Visoki jubilej Novega odmeva | Slovenski dom in Svet slovenske nacionalne manj\u0161ine Mesta Zagreb","og_description":"Zagreb &#8211; V Slovenskem domu je 30. decembra potekala sve\u010dana predstavitev 60. \u0161tevilke Novega odmeva in slovesnost ob 20. obletnici izhajanja, ki jo je vodil predsednik Slovenskega doma in SSNM MZ Darko \u0160onc. Sledilo je slovo od starega leta na katerem so se v veselem vzdu\u0161ju in ob slovenski narodnozabavni glasbi \u010dlani Slovenskega doma\u00a0 ru\u017eili [&hellip;]","og_url":"http:\/\/tmp.warp-poligon.info\/si\/novice\/visoki-jubilej-novega-odmeva\/","og_site_name":"Slovenski dom in Svet slovenske nacionalne manj\u0161ine Mesta Zagreb","article_modified_time":"2017-01-04T21:18:33+00:00","og_image":[{"url":"http:\/\/tmp.warp-poligon.info\/si\/wp-content\/uploads\/sites\/2\/2017\/01\/odmev-1-300x225.jpg"}],"schema":{"@context":"https:\/\/schema.org","@graph":[{"@type":"WebPage","@id":"http:\/\/tmp.warp-poligon.info\/si\/novice\/visoki-jubilej-novega-odmeva\/","url":"http:\/\/tmp.warp-poligon.info\/si\/novice\/visoki-jubilej-novega-odmeva\/","name":"Visoki jubilej Novega odmeva | Slovenski dom in Svet slovenske nacionalne manj\u0161ine Mesta Zagreb","isPartOf":{"@id":"http:\/\/tmp.warp-poligon.info\/si\/#website"},"datePublished":"2016-12-31T21:14:20+00:00","dateModified":"2017-01-04T21:18:33+00:00","breadcrumb":{"@id":"http:\/\/tmp.warp-poligon.info\/si\/novice\/visoki-jubilej-novega-odmeva\/#breadcrumb"},"inLanguage":"sl-SI","potentialAction":[{"@type":"ReadAction","target":["http:\/\/tmp.warp-poligon.info\/si\/novice\/visoki-jubilej-novega-odmeva\/"]}]},{"@type":"BreadcrumbList","@id":"http:\/\/tmp.warp-poligon.info\/si\/novice\/visoki-jubilej-novega-odmeva\/#breadcrumb","itemListElement":[{"@type":"ListItem","position":1,"name":"Home","item":"http:\/\/tmp.warp-poligon.info\/si\/"},{"@type":"ListItem","position":2,"name":"Novice","item":"http:\/\/tmp.warp-poligon.info\/si\/"},{"@type":"ListItem","position":3,"name":"Visoki jubilej Novega odmeva"}]},{"@type":"WebSite","@id":"http:\/\/tmp.warp-poligon.info\/si\/#website","url":"http:\/\/tmp.warp-poligon.info\/si\/","name":"Slovenski dom in Svet slovenske nacionalne manj\u0161ine Mesta Zagreb","description":"","potentialAction":[{"@type":"SearchAction","target":{"@type":"EntryPoint","urlTemplate":"http:\/\/tmp.warp-poligon.info\/si\/?s={search_term_string}"},"query-input":"required name=search_term_string"}],"inLanguage":"sl-SI"}]}},"_links":{"self":[{"href":"http:\/\/tmp.warp-poligon.info\/si\/wp-json\/wp\/v2\/pages\/1712"}],"collection":[{"href":"http:\/\/tmp.warp-poligon.info\/si\/wp-json\/wp\/v2\/pages"}],"about":[{"href":"http:\/\/tmp.warp-poligon.info\/si\/wp-json\/wp\/v2\/types\/page"}],"author":[{"embeddable":true,"href":"http:\/\/tmp.warp-poligon.info\/si\/wp-json\/wp\/v2\/users\/3"}],"replies":[{"embeddable":true,"href":"http:\/\/tmp.warp-poligon.info\/si\/wp-json\/wp\/v2\/comments?post=1712"}],"version-history":[{"count":3,"href":"http:\/\/tmp.warp-poligon.info\/si\/wp-json\/wp\/v2\/pages\/1712\/revisions"}],"predecessor-version":[{"id":1715,"href":"http:\/\/tmp.warp-poligon.info\/si\/wp-json\/wp\/v2\/pages\/1712\/revisions\/1715"}],"up":[{"embeddable":true,"href":"http:\/\/tmp.warp-poligon.info\/si\/wp-json\/wp\/v2\/pages\/19"}],"wp:attachment":[{"href":"http:\/\/tmp.warp-poligon.info\/si\/wp-json\/wp\/v2\/media?parent=1712"}],"curies":[{"name":"wp","href":"https:\/\/api.w.org\/{rel}","templated":true}]}}